{"id":84,"date":"2019-01-22T16:05:41","date_gmt":"2019-01-22T15:05:41","guid":{"rendered":"http:\/\/www.schepfla.fr\/?page_id=84"},"modified":"2019-05-23T18:38:24","modified_gmt":"2019-05-23T16:38:24","slug":"les-activites-sportives","status":"publish","type":"page","link":"https:\/\/www.schepfla.fr\/?page_id=84","title":{"rendered":"Les activit\u00e9s sportives"},"content":{"rendered":"\t\t<div data-elementor-type=\"post\" data-elementor-id=\"84\" class=\"elementor elementor-84\" data-elementor-settings=\"[]\">\n\t\t\t<div class=\"elementor-inner\">\n\t\t\t\t<div class=\"elementor-section-wrap\">\n\t\t\t\t\t\t\t<section data-id=\"15f269d\" class=\"elementor-element elementor-element-15f269d elementor-section-boxed elementor-section-height-default elementor-section-height-default elementor-section elementor-top-section\" data-element_type=\"section\">\n\t\t\t\t\t\t<div class=\"elementor-container elementor-column-gap-default\">\n\t\t\t\t<div class=\"elementor-row\">\n\t\t\t\t<div data-id=\"fe874df\" class=\"elementor-element elementor-element-fe874df elementor-column elementor-col-100 elementor-top-column\" data-element_type=\"column\">\n\t\t\t<div class=\"elementor-column-wrap  elementor-element-populated\">\n\t\t\t\t\t<div class=\"elementor-widget-wrap\">\n\t\t\t\t<div data-id=\"1b075dd\" class=\"elementor-element elementor-element-1b075dd elementor-widget elementor-widget-spacer\" data-element_type=\"spacer.default\">\n\t\t\t\t<div class=\"elementor-widget-container\">\n\t\t\t\t\t<div class=\"elementor-spacer\">\n\t\t\t<div class=\"elementor-spacer-inner\"><\/div>\n\t\t<\/div>\n\t\t\t\t<\/div>\n\t\t\t\t<\/div>\n\t\t\t\t<div data-id=\"eafe660\" class=\"elementor-element elementor-element-eafe660 elementor-widget elementor-widget-heading\" data-element_type=\"heading.default\">\n\t\t\t\t<div class=\"elementor-widget-container\">\n\t\t\t<h2 class=\"elementor-heading-title elementor-size-default\">Envie d'admirer des paysages et panoramas exceptionnels ?<\/h2>\t\t<\/div>\n\t\t\t\t<\/div>\n\t\t\t\t\t\t<\/div>\n\t\t\t<\/div>\n\t\t<\/div>\n\t\t\t\t\t\t<\/div>\n\t\t\t<\/div>\n\t\t<\/section>\n\t\t\t\t<section data-id=\"605dd53\" class=\"elementor-element elementor-element-605dd53 elementor-section-boxed elementor-section-height-default elementor-section-height-default elementor-section elementor-top-section\" data-element_type=\"section\">\n\t\t\t\t\t\t<div class=\"elementor-container elementor-column-gap-default\">\n\t\t\t\t<div class=\"elementor-row\">\n\t\t\t\t<div data-id=\"8d564fb\" class=\"elementor-element elementor-element-8d564fb elementor-column elementor-col-100 elementor-top-column\" data-element_type=\"column\">\n\t\t\t<div class=\"elementor-column-wrap  elementor-element-populated\">\n\t\t\t\t\t<div class=\"elementor-widget-wrap\">\n\t\t\t\t<div data-id=\"7ce36d2\" class=\"elementor-element elementor-element-7ce36d2 elementor-widget elementor-widget-text-editor\" data-element_type=\"text-editor.default\">\n\t\t\t\t<div class=\"elementor-widget-container\">\n\t\t\t\t\t<div class=\"elementor-text-editor elementor-clearfix\"><p>Vous \u00eates au bon endroit ! Vous \u00eates proche du Grand Ballon, le plus haut sommet du massif vosgien qui culmine \u00e0 plus de 1400 m\u00e8tres d\u2019altitude. \u00c9t\u00e9 comme hiver vous pourrez parcourir les sentiers balis\u00e9s pour la randonn\u00e9e \u00e0 pied ou en raquettes, ou alors enfourcher votre VTT. Vous pourrez \u00e9galement d\u00e9couvrir la r\u00e9gion \u00e0 cheval.<br \/>Vous pouvez \u00e9galement trouver votre plaisir en v\u00e9lo de route, des informations sur les parcours pourront vous \u00eatre fournis par les propri\u00e9taires.<\/p><p>Piscine couverte \u00e0 4 km.<\/p><\/div>\n\t\t\t\t<\/div>\n\t\t\t\t<\/div>\n\t\t\t\t\t\t<\/div>\n\t\t\t<\/div>\n\t\t<\/div>\n\t\t\t\t\t\t<\/div>\n\t\t\t<\/div>\n\t\t<\/section>\n\t\t\t\t<section data-id=\"f407785\" class=\"elementor-element elementor-element-f407785 elementor-section-boxed elementor-section-height-default elementor-section-height-default elementor-section elementor-top-section\" data-element_type=\"section\">\n\t\t\t\t\t\t<div class=\"elementor-container elementor-column-gap-default\">\n\t\t\t\t<div class=\"elementor-row\">\n\t\t\t\t<div data-id=\"65ec97e\" class=\"elementor-element elementor-element-65ec97e elementor-column elementor-col-100 elementor-top-column\" data-element_type=\"column\">\n\t\t\t<div class=\"elementor-column-wrap  elementor-element-populated\">\n\t\t\t\t\t<div class=\"elementor-widget-wrap\">\n\t\t\t\t<div data-id=\"701b8dc\" class=\"elementor-element elementor-element-701b8dc elementor-widget elementor-widget-image\" data-element_type=\"image.default\">\n\t\t\t\t<div class=\"elementor-widget-container\">\n\t\t\t\t\t<div class=\"elementor-image\">\n\t\t\t\t\t\t\t\t\t\t<img width=\"760\" height=\"505\" src=\"https:\/\/www.schepfla.fr\/wp-content\/uploads\/2019\/05\/2017-02-25-17-22-13-900x598.jpg\" class=\"elementor-animation-grow attachment-large size-large\" alt=\"\" loading=\"lazy\" srcset=\"https:\/\/www.schepfla.fr\/wp-content\/uploads\/2019\/05\/2017-02-25-17-22-13-900x598.jpg 900w, https:\/\/www.schepfla.fr\/wp-content\/uploads\/2019\/05\/2017-02-25-17-22-13-900x598-300x199.jpg 300w, https:\/\/www.schepfla.fr\/wp-content\/uploads\/2019\/05\/2017-02-25-17-22-13-900x598-768x510.jpg 768w, https:\/\/www.schepfla.fr\/wp-content\/uploads\/2019\/05\/2017-02-25-17-22-13-900x598-640x425.jpg 640w\" sizes=\"(max-width: 760px) 100vw, 760px\" \/>\t\t\t\t\t\t\t\t\t\t\t<\/div>\n\t\t\t\t<\/div>\n\t\t\t\t<\/div>\n\t\t\t\t<div data-id=\"0867569\" class=\"elementor-element elementor-element-0867569 elementor-widget elementor-widget-spacer\" data-element_type=\"spacer.default\">\n\t\t\t\t<div class=\"elementor-widget-container\">\n\t\t\t\t\t<div class=\"elementor-spacer\">\n\t\t\t<div class=\"elementor-spacer-inner\"><\/div>\n\t\t<\/div>\n\t\t\t\t<\/div>\n\t\t\t\t<\/div>\n\t\t\t\t<div data-id=\"a164592\" class=\"elementor-element elementor-element-a164592 elementor-widget elementor-widget-image\" data-element_type=\"image.default\">\n\t\t\t\t<div class=\"elementor-widget-container\">\n\t\t\t\t\t<div class=\"elementor-image\">\n\t\t\t\t\t\t\t\t\t\t<img width=\"760\" height=\"507\" src=\"https:\/\/www.schepfla.fr\/wp-content\/uploads\/2019\/05\/horse_riding_devon_dartmoor-1227043-768x512.jpg\" class=\"elementor-animation-grow attachment-medium_large size-medium_large\" alt=\"\" loading=\"lazy\" srcset=\"https:\/\/www.schepfla.fr\/wp-content\/uploads\/2019\/05\/horse_riding_devon_dartmoor-1227043-768x512.jpg 768w, https:\/\/www.schepfla.fr\/wp-content\/uploads\/2019\/05\/horse_riding_devon_dartmoor-1227043-300x200.jpg 300w, https:\/\/www.schepfla.fr\/wp-content\/uploads\/2019\/05\/horse_riding_devon_dartmoor-1227043-1024x683.jpg 1024w, https:\/\/www.schepfla.fr\/wp-content\/uploads\/2019\/05\/horse_riding_devon_dartmoor-1227043-640x427.jpg 640w, https:\/\/www.schepfla.fr\/wp-content\/uploads\/2019\/05\/horse_riding_devon_dartmoor-1227043.jpg 1200w\" sizes=\"(max-width: 760px) 100vw, 760px\" \/>\t\t\t\t\t\t\t\t\t\t\t<\/div>\n\t\t\t\t<\/div>\n\t\t\t\t<\/div>\n\t\t\t\t\t\t<\/div>\n\t\t\t<\/div>\n\t\t<\/div>\n\t\t\t\t\t\t<\/div>\n\t\t\t<\/div>\n\t\t<\/section>\n\t\t\t\t\t\t<\/div>\n\t\t\t<\/div>\n\t\t<\/div>\n\t\t","protected":false},"excerpt":{"rendered":"<p>Envie d&rsquo;admirer des paysages et panoramas exceptionnels ? Vous \u00eates au bon endroit ! Vous \u00eates proche du Grand Ballon, le plus haut sommet du massif vosgien qui culmine \u00e0 plus de 1400 m\u00e8tres d\u2019altitude. \u00c9t\u00e9 comme hiver vous pourrez parcourir les sentiers balis\u00e9s&#8230;<\/p>\n","protected":false},"author":2,"featured_media":335,"parent":0,"menu_order":0,"comment_status":"closed","ping_status":"closed","template":"","meta":[],"_links":{"self":[{"href":"https:\/\/www.schepfla.fr\/index.php?rest_route=\/wp\/v2\/pages\/84"}],"collection":[{"href":"https:\/\/www.schepfla.fr\/index.php?rest_route=\/wp\/v2\/pages"}],"about":[{"href":"https:\/\/www.schepfla.fr\/index.php?rest_route=\/wp\/v2\/types\/page"}],"author":[{"embeddable":true,"href":"https:\/\/www.schepfla.fr\/index.php?rest_route=\/wp\/v2\/users\/2"}],"replies":[{"embeddable":true,"href":"https:\/\/www.schepfla.fr\/index.php?rest_route=%2Fwp%2Fv2%2Fcomments&post=84"}],"version-history":[{"count":18,"href":"https:\/\/www.schepfla.fr\/index.php?rest_route=\/wp\/v2\/pages\/84\/revisions"}],"predecessor-version":[{"id":359,"href":"https:\/\/www.schepfla.fr\/index.php?rest_route=\/wp\/v2\/pages\/84\/revisions\/359"}],"wp:featuredmedia":[{"embeddable":true,"href":"https:\/\/www.schepfla.fr\/index.php?rest_route=\/wp\/v2\/media\/335"}],"wp:attachment":[{"href":"https:\/\/www.schepfla.fr\/index.php?rest_route=%2Fwp%2Fv2%2Fmedia&parent=84"}],"curies":[{"name":"wp","href":"https:\/\/api.w.org\/{rel}","templated":true}]}}