{"id":218,"date":"2019-01-29T17:04:04","date_gmt":"2019-01-29T16:04:04","guid":{"rendered":"http:\/\/www.schepfla.fr\/?page_id=218"},"modified":"2019-05-09T12:13:09","modified_gmt":"2019-05-09T10:13:09","slug":"mentions-legales","status":"publish","type":"page","link":"https:\/\/www.schepfla.fr\/?page_id=218","title":{"rendered":"Mentions legales"},"content":{"rendered":"\t\t<div data-elementor-type=\"post\" data-elementor-id=\"218\" class=\"elementor elementor-218\" data-elementor-settings=\"[]\">\n\t\t\t<div class=\"elementor-inner\">\n\t\t\t\t<div class=\"elementor-section-wrap\">\n\t\t\t\t\t\t\t<section data-id=\"a7fc2f1\" class=\"elementor-element elementor-element-a7fc2f1 elementor-section-boxed elementor-section-height-default elementor-section-height-default elementor-section elementor-top-section\" data-element_type=\"section\">\n\t\t\t\t\t\t<div class=\"elementor-container elementor-column-gap-default\">\n\t\t\t\t<div class=\"elementor-row\">\n\t\t\t\t<div data-id=\"0cb688b\" class=\"elementor-element elementor-element-0cb688b elementor-column elementor-col-20 elementor-top-column\" data-element_type=\"column\">\n\t\t\t<div class=\"elementor-column-wrap  elementor-element-populated\">\n\t\t\t\t\t<div class=\"elementor-widget-wrap\">\n\t\t\t\t<div data-id=\"29b4c06\" class=\"elementor-element elementor-element-29b4c06 elementor-widget elementor-widget-spacer\" data-element_type=\"spacer.default\">\n\t\t\t\t<div class=\"elementor-widget-container\">\n\t\t\t\t\t<div class=\"elementor-spacer\">\n\t\t\t<div class=\"elementor-spacer-inner\"><\/div>\n\t\t<\/div>\n\t\t\t\t<\/div>\n\t\t\t\t<\/div>\n\t\t\t\t<div data-id=\"480919c\" class=\"elementor-element elementor-element-480919c elementor-widget elementor-widget-text-editor\" data-element_type=\"text-editor.default\">\n\t\t\t\t<div class=\"elementor-widget-container\">\n\t\t\t\t\t<div class=\"elementor-text-editor elementor-clearfix\"><p>Mentions l\u00e9gales concernant la r\u00e9alisation, le d\u00e9veloppement, la promotion et l\u2019h\u00e9bergement de\u00a0<a href=\"http:\/\/www.gitesvalleemunster.fr\/\"><strong>www.schepfla.fr<\/strong><\/a>\u00a0 \u00a0<span style=\"font-size: 1em;\">\u00ab\u00a0Location de g\u00eete \u00e0 Merxheim\u00a0est la propri\u00e9t\u00e9 de\u00a0Marie-Th\u00e9r\u00e8se Mann.<\/span><\/p><\/div>\n\t\t\t\t<\/div>\n\t\t\t\t<\/div>\n\t\t\t\t\t\t<\/div>\n\t\t\t<\/div>\n\t\t<\/div>\n\t\t\t\t<div data-id=\"e94e93d\" class=\"elementor-element elementor-element-e94e93d elementor-column elementor-col-20 elementor-top-column\" data-element_type=\"column\">\n\t\t\t<div class=\"elementor-column-wrap  elementor-element-populated\">\n\t\t\t\t\t<div class=\"elementor-widget-wrap\">\n\t\t\t\t<div data-id=\"398de4f\" class=\"elementor-element elementor-element-398de4f elementor-widget elementor-widget-heading\" data-element_type=\"heading.default\">\n\t\t\t\t<div class=\"elementor-widget-container\">\n\t\t\t<h4 class=\"elementor-heading-title elementor-size-default\">Exploitation du site:<\/h4>\t\t<\/div>\n\t\t\t\t<\/div>\n\t\t\t\t<div data-id=\"dda6f20\" class=\"elementor-element elementor-element-dda6f20 elementor-widget elementor-widget-text-editor\" data-element_type=\"text-editor.default\">\n\t\t\t\t<div class=\"elementor-widget-container\">\n\t\t\t\t\t<div class=\"elementor-text-editor elementor-clearfix\"><p><strong>Marie-Th\u00e9r\u00e8se Mann<\/strong><br \/>1, rue des Malgr\u00e9-nous\u00a068500 MERXHEIM\u00a0\u2013 France<br \/>Site internet\u00a0 \u00a0<a href=\"http:\/\/www.gitesvalleemunster.fr\/\"><strong>www.schepfla.fr<\/strong><\/a><\/p><\/div>\n\t\t\t\t<\/div>\n\t\t\t\t<\/div>\n\t\t\t\t\t\t<\/div>\n\t\t\t<\/div>\n\t\t<\/div>\n\t\t\t\t<div data-id=\"fb60eee\" class=\"elementor-element elementor-element-fb60eee elementor-column elementor-col-20 elementor-top-column\" data-element_type=\"column\">\n\t\t\t<div class=\"elementor-column-wrap  elementor-element-populated\">\n\t\t\t\t\t<div class=\"elementor-widget-wrap\">\n\t\t\t\t<div data-id=\"b458592\" class=\"elementor-element elementor-element-b458592 elementor-widget elementor-widget-heading\" data-element_type=\"heading.default\">\n\t\t\t\t<div class=\"elementor-widget-container\">\n\t\t\t<h4 class=\"elementor-heading-title elementor-size-default\">Propri\u00e9t\u00e9 intellectuelle:<\/h4>\t\t<\/div>\n\t\t\t\t<\/div>\n\t\t\t\t<div data-id=\"ff251d2\" class=\"elementor-element elementor-element-ff251d2 elementor-widget elementor-widget-text-editor\" data-element_type=\"text-editor.default\">\n\t\t\t\t<div class=\"elementor-widget-container\">\n\t\t\t\t\t<div class=\"elementor-text-editor elementor-clearfix\"><p>Ce site et ses contenus sont prot\u00e9g\u00e9s au titre du droit d\u2019auteur conform\u00e9ment aux dispositions des livres I \u00e0 III du Code de la Propri\u00e9t\u00e9 Intellectuelle. \u00c0 ce titre, toute reproduction, repr\u00e9sentation, utilisation, adaptation, modification, incorporation, traduction, commercialisation, partielles ou int\u00e9grales des \u00e9l\u00e9ments contenus dans ce site, sans l\u2019autorisation \u00e9crite pr\u00e9alable des auteurs, est interdite, sous peine de constituer un d\u00e9lit de contrefa\u00e7on de droit d\u2019auteur. La reproduction et\/ou la repr\u00e9sentation de ces \u00e9l\u00e9ments n\u2019est autoris\u00e9e qu\u2019\u00e0 des fins d\u2019information pour un usage strictement personnel et priv\u00e9..<\/p><\/div>\n\t\t\t\t<\/div>\n\t\t\t\t<\/div>\n\t\t\t\t\t\t<\/div>\n\t\t\t<\/div>\n\t\t<\/div>\n\t\t\t\t<div data-id=\"8587f6c\" class=\"elementor-element elementor-element-8587f6c elementor-column elementor-col-20 elementor-top-column\" data-element_type=\"column\">\n\t\t\t<div class=\"elementor-column-wrap  elementor-element-populated\">\n\t\t\t\t\t<div class=\"elementor-widget-wrap\">\n\t\t\t\t<div data-id=\"4643b41\" class=\"elementor-element elementor-element-4643b41 elementor-widget elementor-widget-heading\" data-element_type=\"heading.default\">\n\t\t\t\t<div class=\"elementor-widget-container\">\n\t\t\t<h4 class=\"elementor-heading-title elementor-size-default\">Responsabilit\u00e9:<\/h4>\t\t<\/div>\n\t\t\t\t<\/div>\n\t\t\t\t<div data-id=\"97fb821\" class=\"elementor-element elementor-element-97fb821 elementor-widget elementor-widget-text-editor\" data-element_type=\"text-editor.default\">\n\t\t\t\t<div class=\"elementor-widget-container\">\n\t\t\t\t\t<div class=\"elementor-text-editor elementor-clearfix\"><p>Les liens hypertextes mis en place dans le cadre du pr\u00e9sent site internet en direction d\u2019autres ressources pr\u00e9sentes sur le r\u00e9seau Internet ne sauraient engager la responsabilit\u00e9 de l\u2019\u00e9diteur du site.<\/p><\/div>\n\t\t\t\t<\/div>\n\t\t\t\t<\/div>\n\t\t\t\t\t\t<\/div>\n\t\t\t<\/div>\n\t\t<\/div>\n\t\t\t\t<div data-id=\"cc1b2d5\" class=\"elementor-element elementor-element-cc1b2d5 elementor-column elementor-col-20 elementor-top-column\" data-element_type=\"column\">\n\t\t\t<div class=\"elementor-column-wrap  elementor-element-populated\">\n\t\t\t\t\t<div class=\"elementor-widget-wrap\">\n\t\t\t\t<div data-id=\"540c6a5\" class=\"elementor-element elementor-element-540c6a5 elementor-widget elementor-widget-heading\" data-element_type=\"heading.default\">\n\t\t\t\t<div class=\"elementor-widget-container\">\n\t\t\t<h4 class=\"elementor-heading-title elementor-size-default\">Mise \u00e0 jour:<\/h4>\t\t<\/div>\n\t\t\t\t<\/div>\n\t\t\t\t<div data-id=\"d3baa02\" class=\"elementor-element elementor-element-d3baa02 elementor-widget elementor-widget-text-editor\" data-element_type=\"text-editor.default\">\n\t\t\t\t<div class=\"elementor-widget-container\">\n\t\t\t\t\t<div class=\"elementor-text-editor elementor-clearfix\"><p>Les propri\u00e9taires du site se r\u00e9servent le droit de mettre \u00e0 jour le site, y compris la pr\u00e9sente notice l\u00e9gale, \u00e0 tout moment, en fonction de l\u2019\u00e9volution du contenu du site et des contraintes suppl\u00e9mentaires de protection n\u00e9cessaires. En utilisant le site, vous reconnaissez avoir pris connaissance de ces conditions et les avoir accept\u00e9es. Celles-ci pourront \u00eatres modifi\u00e9es \u00e0 tout moment et sans pr\u00e9avis par l\u2019\u00e9diteur.\u00a0Marie-Th\u00e9r\u00e8se Mann ne sauraient \u00eatre tenu pour responsable en aucune mani\u00e8re d\u2019une mauvaise utilisation du service.<\/p><p>\u00a0<\/p><\/div>\n\t\t\t\t<\/div>\n\t\t\t\t<\/div>\n\t\t\t\t\t\t<\/div>\n\t\t\t<\/div>\n\t\t<\/div>\n\t\t\t\t\t\t<\/div>\n\t\t\t<\/div>\n\t\t<\/section>\n\t\t\t\t\t\t<\/div>\n\t\t\t<\/div>\n\t\t<\/div>\n\t\t","protected":false},"excerpt":{"rendered":"<p>Mentions l\u00e9gales concernant la r\u00e9alisation, le d\u00e9veloppement, la promotion et l\u2019h\u00e9bergement de\u00a0www.schepfla.fr\u00a0 \u00a0\u00ab\u00a0Location de g\u00eete \u00e0 Merxheim\u00a0est la propri\u00e9t\u00e9 de\u00a0Marie-Th\u00e9r\u00e8se Mann. Exploitation du site: Marie-Th\u00e9r\u00e8se Mann1, rue des Malgr\u00e9-nous\u00a068500 MERXHEIM\u00a0\u2013 FranceSite internet\u00a0 \u00a0www.schepfla.fr Propri\u00e9t\u00e9 intellectuelle: Ce site et ses contenus sont prot\u00e9g\u00e9s au titre&#8230;<\/p>\n","protected":false},"author":2,"featured_media":220,"parent":0,"menu_order":0,"comment_status":"closed","ping_status":"closed","template":"elementor_header_footer","meta":[],"_links":{"self":[{"href":"https:\/\/www.schepfla.fr\/index.php?rest_route=\/wp\/v2\/pages\/218"}],"collection":[{"href":"https:\/\/www.schepfla.fr\/index.php?rest_route=\/wp\/v2\/pages"}],"about":[{"href":"https:\/\/www.schepfla.fr\/index.php?rest_route=\/wp\/v2\/types\/page"}],"author":[{"embeddable":true,"href":"https:\/\/www.schepfla.fr\/index.php?rest_route=\/wp\/v2\/users\/2"}],"replies":[{"embeddable":true,"href":"https:\/\/www.schepfla.fr\/index.php?rest_route=%2Fwp%2Fv2%2Fcomments&post=218"}],"version-history":[{"count":7,"href":"https:\/\/www.schepfla.fr\/index.php?rest_route=\/wp\/v2\/pages\/218\/revisions"}],"predecessor-version":[{"id":281,"href":"https:\/\/www.schepfla.fr\/index.php?rest_route=\/wp\/v2\/pages\/218\/revisions\/281"}],"wp:featuredmedia":[{"embeddable":true,"href":"https:\/\/www.schepfla.fr\/index.php?rest_route=\/wp\/v2\/media\/220"}],"wp:attachment":[{"href":"https:\/\/www.schepfla.fr\/index.php?rest_route=%2Fwp%2Fv2%2Fmedia&parent=218"}],"curies":[{"name":"wp","href":"https:\/\/api.w.org\/{rel}","templated":true}]}}