{"id":200,"date":"2019-01-29T16:17:09","date_gmt":"2019-01-29T15:17:09","guid":{"rendered":"http:\/\/www.schepfla.fr\/?page_id=200"},"modified":"2021-12-28T20:59:52","modified_gmt":"2021-12-28T19:59:52","slug":"le-schepfla","status":"publish","type":"page","link":"https:\/\/www.schepfla.fr\/","title":{"rendered":"LE SCHEPFLA"},"content":{"rendered":"\t\t<div data-elementor-type=\"post\" data-elementor-id=\"200\" class=\"elementor elementor-200\" data-elementor-settings=\"[]\">\n\t\t\t<div class=\"elementor-inner\">\n\t\t\t\t<div class=\"elementor-section-wrap\">\n\t\t\t\t\t\t\t<section data-id=\"ec8eb88\" class=\"elementor-element elementor-element-ec8eb88 elementor-section-boxed elementor-section-height-default elementor-section-height-default elementor-section elementor-top-section\" data-element_type=\"section\">\n\t\t\t\t\t\t<div class=\"elementor-container elementor-column-gap-default\">\n\t\t\t\t<div class=\"elementor-row\">\n\t\t\t\t<div data-id=\"824c763\" class=\"elementor-element elementor-element-824c763 elementor-column elementor-col-100 elementor-top-column\" data-element_type=\"column\">\n\t\t\t<div class=\"elementor-column-wrap  elementor-element-populated\">\n\t\t\t\t\t<div class=\"elementor-widget-wrap\">\n\t\t\t\t<div data-id=\"7db0b22\" class=\"elementor-element elementor-element-7db0b22 elementor-widget elementor-widget-heading\" data-element_type=\"heading.default\">\n\t\t\t\t<div class=\"elementor-widget-container\">\n\t\t\t<h1 class=\"elementor-heading-title elementor-size-default\">Notre g\u00eete \u00e0 Merxheim au coeur de l'Alsace<\/h1>\t\t<\/div>\n\t\t\t\t<\/div>\n\t\t\t\t\t\t<\/div>\n\t\t\t<\/div>\n\t\t<\/div>\n\t\t\t\t\t\t<\/div>\n\t\t\t<\/div>\n\t\t<\/section>\n\t\t\t\t<section data-id=\"bf7453c\" class=\"elementor-element elementor-element-bf7453c elementor-section-boxed elementor-section-height-default elementor-section-height-default elementor-section elementor-top-section\" data-element_type=\"section\">\n\t\t\t\t\t\t<div class=\"elementor-container elementor-column-gap-default\">\n\t\t\t\t<div class=\"elementor-row\">\n\t\t\t\t<div data-id=\"b2b81c8\" class=\"elementor-element elementor-element-b2b81c8 elementor-column elementor-col-66 elementor-top-column\" data-element_type=\"column\">\n\t\t\t<div class=\"elementor-column-wrap  elementor-element-populated\">\n\t\t\t\t\t<div class=\"elementor-widget-wrap\">\n\t\t\t\t<div data-id=\"0377faa\" class=\"elementor-element elementor-element-0377faa elementor-widget elementor-widget-image-carousel\" data-settings=\"{&quot;slides_to_show&quot;:&quot;1&quot;,&quot;navigation&quot;:&quot;both&quot;,&quot;pause_on_hover&quot;:&quot;yes&quot;,&quot;autoplay&quot;:&quot;yes&quot;,&quot;autoplay_speed&quot;:5000,&quot;infinite&quot;:&quot;yes&quot;,&quot;effect&quot;:&quot;slide&quot;,&quot;speed&quot;:500,&quot;direction&quot;:&quot;ltr&quot;}\" data-element_type=\"image-carousel.default\">\n\t\t\t\t<div class=\"elementor-widget-container\">\n\t\t\t\t\t<div class=\"elementor-image-carousel-wrapper elementor-slick-slider\" dir=\"ltr\">\n\t\t\t<div class=\"elementor-image-carousel slick-arrows-inside slick-dots-outside slick-image-stretch\">\n\t\t\t\t<div class=\"slick-slide\"><figure class=\"slick-slide-inner\"><img class=\"slick-slide-image\" src=\"https:\/\/www.schepfla.fr\/wp-content\/uploads\/2019\/01\/ext-m.jpg\" alt=\"ext m\" \/><\/figure><\/div><div class=\"slick-slide\"><figure class=\"slick-slide-inner\"><img class=\"slick-slide-image\" src=\"https:\/\/www.schepfla.fr\/wp-content\/uploads\/2019\/01\/extPetit-1.jpg\" alt=\"extPetit\" \/><\/figure><\/div><div class=\"slick-slide\"><figure class=\"slick-slide-inner\"><img class=\"slick-slide-image\" src=\"https:\/\/www.schepfla.fr\/wp-content\/uploads\/2019\/05\/exterieur4.jpg\" alt=\"exterieur4\" \/><\/figure><\/div><div class=\"slick-slide\"><figure class=\"slick-slide-inner\"><img class=\"slick-slide-image\" src=\"https:\/\/www.schepfla.fr\/wp-content\/uploads\/2019\/05\/exterieur3.jpg\" alt=\"exterieur3\" \/><\/figure><\/div>\t\t\t<\/div>\n\t\t<\/div>\n\t\t\t\t<\/div>\n\t\t\t\t<\/div>\n\t\t\t\t\t\t<\/div>\n\t\t\t<\/div>\n\t\t<\/div>\n\t\t\t\t<div data-id=\"efbb606\" class=\"elementor-element elementor-element-efbb606 elementor-column elementor-col-33 elementor-top-column\" data-element_type=\"column\">\n\t\t\t<div class=\"elementor-column-wrap  elementor-element-populated\">\n\t\t\t\t\t<div class=\"elementor-widget-wrap\">\n\t\t\t\t<div data-id=\"59a85ba\" class=\"elementor-element elementor-element-59a85ba elementor-widget elementor-widget-spacer\" data-element_type=\"spacer.default\">\n\t\t\t\t<div class=\"elementor-widget-container\">\n\t\t\t\t\t<div class=\"elementor-spacer\">\n\t\t\t<div class=\"elementor-spacer-inner\"><\/div>\n\t\t<\/div>\n\t\t\t\t<\/div>\n\t\t\t\t<\/div>\n\t\t\t\t<div data-id=\"b8dc103\" class=\"elementor-element elementor-element-b8dc103 elementor-tabs-view-horizontal elementor-invisible elementor-widget elementor-widget-tabs\" data-settings=\"{&quot;_animation&quot;:&quot;fadeInDown&quot;}\" data-element_type=\"tabs.default\">\n\t\t\t\t<div class=\"elementor-widget-container\">\n\t\t\t\t\t<div class=\"elementor-tabs\" role=\"tablist\">\n\t\t\t<div class=\"elementor-tabs-wrapper\">\n\t\t\t\t\t\t\t\t\t<div id=\"elementor-tab-title-1931\" class=\"elementor-tab-title elementor-tab-desktop-title\" data-tab=\"1\" role=\"tab\" aria-controls=\"elementor-tab-content-1931\"><a href=\"\">*<\/a><\/div>\n\t\t\t\t\t\t\t<\/div>\n\t\t\t<div class=\"elementor-tabs-content-wrapper\">\n\t\t\t\t\t\t\t\t\t<div class=\"elementor-tab-title elementor-tab-mobile-title\" data-tab=\"1\" role=\"tab\">*<\/div>\n\t\t\t\t\t<div id=\"elementor-tab-content-1931\" class=\"elementor-tab-content elementor-clearfix\" data-tab=\"1\" role=\"tabpanel\" aria-labelledby=\"elementor-tab-title-1931\"><p><span style=\"font-size: 1em;\">Venez d\u00e9couvrir et profiter tout au long de l&rsquo;ann\u00e9e de notre g\u00eete. Situ\u00e9 \u00e0 proximit\u00e9 des Vosges vous appr\u00e9cierez cet endroit o\u00f9 soleil, d\u00e9tente, \u00e9motion et nature sont au rendez vous<\/span><\/p><\/div>\n\t\t\t\t\t\t\t<\/div>\n\t\t<\/div>\n\t\t\t\t<\/div>\n\t\t\t\t<\/div>\n\t\t\t\t<div data-id=\"8353d67\" class=\"elementor-element elementor-element-8353d67 elementor-widget elementor-widget-image\" data-element_type=\"image.default\">\n\t\t\t\t<div class=\"elementor-widget-container\">\n\t\t\t\t\t<div class=\"elementor-image\">\n\t\t\t\t\t\t\t\t\t\t<img width=\"300\" height=\"300\" src=\"https:\/\/www.schepfla.fr\/wp-content\/uploads\/2019\/02\/logo-300x300.png\" class=\"elementor-animation-pulse attachment-medium size-medium\" alt=\"\" loading=\"lazy\" srcset=\"https:\/\/www.schepfla.fr\/wp-content\/uploads\/2019\/02\/logo-300x300.png 300w, https:\/\/www.schepfla.fr\/wp-content\/uploads\/2019\/02\/logo-150x150.png 150w, https:\/\/www.schepfla.fr\/wp-content\/uploads\/2019\/02\/logo-768x771.png 768w, https:\/\/www.schepfla.fr\/wp-content\/uploads\/2019\/02\/logo-1020x1024.png 1020w, https:\/\/www.schepfla.fr\/wp-content\/uploads\/2019\/02\/logo.png 1183w\" sizes=\"(max-width: 300px) 100vw, 300px\" \/>\t\t\t\t\t\t\t\t\t\t\t<\/div>\n\t\t\t\t<\/div>\n\t\t\t\t<\/div>\n\t\t\t\t\t\t<\/div>\n\t\t\t<\/div>\n\t\t<\/div>\n\t\t\t\t\t\t<\/div>\n\t\t\t<\/div>\n\t\t<\/section>\n\t\t\t\t\t\t<\/div>\n\t\t\t<\/div>\n\t\t<\/div>\n\t\t","protected":false},"excerpt":{"rendered":"<p>Notre g\u00eete \u00e0 Merxheim au coeur de l&rsquo;Alsace * * Venez d\u00e9couvrir et profiter tout au long de l&rsquo;ann\u00e9e de notre g\u00eete. Situ\u00e9 \u00e0 proximit\u00e9 des Vosges vous appr\u00e9cierez cet endroit o\u00f9 soleil, d\u00e9tente, \u00e9motion et nature sont au rendez vous<\/p>\n","protected":false},"author":2,"featured_media":0,"parent":0,"menu_order":0,"comment_status":"closed","ping_status":"closed","template":"elementor_header_footer","meta":[],"_links":{"self":[{"href":"https:\/\/www.schepfla.fr\/index.php?rest_route=\/wp\/v2\/pages\/200"}],"collection":[{"href":"https:\/\/www.schepfla.fr\/index.php?rest_route=\/wp\/v2\/pages"}],"about":[{"href":"https:\/\/www.schepfla.fr\/index.php?rest_route=\/wp\/v2\/types\/page"}],"author":[{"embeddable":true,"href":"https:\/\/www.schepfla.fr\/index.php?rest_route=\/wp\/v2\/users\/2"}],"replies":[{"embeddable":true,"href":"https:\/\/www.schepfla.fr\/index.php?rest_route=%2Fwp%2Fv2%2Fcomments&post=200"}],"version-history":[{"count":34,"href":"https:\/\/www.schepfla.fr\/index.php?rest_route=\/wp\/v2\/pages\/200\/revisions"}],"predecessor-version":[{"id":372,"href":"https:\/\/www.schepfla.fr\/index.php?rest_route=\/wp\/v2\/pages\/200\/revisions\/372"}],"wp:attachment":[{"href":"https:\/\/www.schepfla.fr\/index.php?rest_route=%2Fwp%2Fv2%2Fmedia&parent=200"}],"curies":[{"name":"wp","href":"https:\/\/api.w.org\/{rel}","templated":true}]}}